{"id":187,"date":"2023-02-22T15:56:12","date_gmt":"2023-02-22T14:56:12","guid":{"rendered":"http:\/\/www.sepchat.com\/SC\/?page_id=187"},"modified":"2023-02-22T16:49:00","modified_gmt":"2023-02-22T15:49:00","slug":"as-400-iseries-system-i-ibm-ii","status":"publish","type":"page","link":"http:\/\/www.sepchat.com\/SC\/index.php\/as-400-iseries-system-i-ibm-ii\/","title":{"rendered":"AS\/400, iseries, System i, IBM i"},"content":{"rendered":"<form role=\"search\" method=\"get\" action=\"http:\/\/www.sepchat.com\/SC\/\" class=\"wp-block-search__button-inside wp-block-search__icon-button wp-block-search\"><label for=\"wp-block-search__input-1\" class=\"wp-block-search__label screen-reader-text\">Rechercher<\/label><div class=\"wp-block-search__inside-wrapper \"  style=\"width: 50%;border-width: 0px;border-style: none;border-radius: calc(100px + 4px)\"><input type=\"search\" id=\"wp-block-search__input-1\" class=\"wp-block-search__input\" name=\"s\" value=\"\" placeholder=\"Recherche\"  style=\"border-radius: 100px\" required \/><button type=\"submit\" class=\"wp-block-search__button has-icon wp-element-button\"  style=\"border-radius: 100px\" aria-label=\"Rechercher\"><svg class=\"search-icon\" viewBox=\"0 0 24 24\" width=\"24\" height=\"24\">\n\t\t\t\t\t<path d=\"M13.5 6C10.5 6 8 8.5 8 11.5c0 1.1.3 2.1.9 3l-3.4 3 1 1.1 3.4-2.9c1 .9 2.2 1.4 3.6 1.4 3 0 5.5-2.5 5.5-5.5C19 8.5 16.5 6 13.5 6zm0 9.5c-2.2 0-4-1.8-4-4s1.8-4 4-4 4 1.8 4 4-1.8 4-4 4z\"><\/path>\n\t\t\t\t<\/svg><\/button><\/div><\/form>\n\n\n<div class=\"wp-block-columns is-layout-flex wp-container-4\">\n<div class=\"wp-block-column is-layout-flow\">\n<p class=\"has-link-color wp-elements-7b2ca404641b5bb959ac312b87674695\" style=\"font-style:normal;font-weight:300\"><a href=\"http:\/\/www.sepchat.com\/SC\/index.php\/2023\/02\/22\/lecture-creation-dimage-dans-une-table-sql-en-rpgle\/\" data-type=\"post\" data-id=\"202\">Lecture, Cr\u00e9ation d&rsquo;image dans une table SQL en RPGLE<\/a><\/p>\n<\/div>\n\n\n\n<div class=\"wp-block-column is-layout-flow\"><div style=\"font-style:normal;font-weight:300;\" class=\"has-text-align-right wp-block-post-date\"><time datetime=\"2023-02-22T15:56:12+01:00\">22\/02\/2023<\/time><\/div><\/div>\n<\/div>\n\n\n\n<hr class=\"wp-block-separator has-text-color has-primary-color has-alpha-channel-opacity has-primary-background-color has-background is-style-wide\"\/>\n\n\n\n<div class=\"wp-block-columns is-layout-flex wp-container-7\">\n<div class=\"wp-block-column is-layout-flow\">\n<p class=\"has-contrast-color has-text-color has-link-color wp-elements-4490ad4f8a699f6b73d75247ebd8e4bb\" style=\"font-style:normal;font-weight:300\"><a href=\"http:\/\/www.sepchat.com\/SC\/index.php\/2023\/02\/22\/limites-de-db2-system-i\/\" data-type=\"post\" data-id=\"206\">Limites de DB2 System i<\/a><\/p>\n<\/div>\n\n\n\n<div class=\"wp-block-column is-layout-flow\" style=\"flex-basis:90px\"><div style=\"font-style:normal;font-weight:300;\" class=\"has-text-align-right wp-block-post-date\"><time datetime=\"2023-02-22T15:56:12+01:00\">22\/02\/2023<\/time><\/div><\/div>\n<\/div>\n\n\n\n<hr class=\"wp-block-separator has-text-color has-primary-color has-alpha-channel-opacity has-primary-background-color has-background is-style-wide\"\/>\n\n\n\n<div class=\"wp-block-columns is-layout-flex wp-container-10\">\n<div class=\"wp-block-column is-layout-flow\">\n<p class=\"has-link-color wp-elements-6deff8ceafc8862301db76fb471e68f4\" style=\"font-style:normal;font-weight:300\"><a href=\"http:\/\/www.sepchat.com\/SC\/index.php\/2023\/02\/22\/ibm-i-affichage-du-niveau-de-los400\/\" data-type=\"post\" data-id=\"208\">IBM i &#8211; Affichage du niveau de l&rsquo;OS400<\/a><\/p>\n<\/div>\n\n\n\n<div class=\"wp-block-column is-layout-flow\" style=\"flex-basis:90px\"><div style=\"font-style:normal;font-weight:300;\" class=\"has-text-align-right wp-block-post-date\"><time datetime=\"2023-02-22T15:56:12+01:00\">22\/02\/2023<\/time><\/div><\/div>\n<\/div>\n\n\n\n<hr class=\"wp-block-separator has-text-color has-primary-color has-alpha-channel-opacity has-primary-background-color has-background is-style-wide\"\/>\n\n\n\n<div class=\"wp-block-columns is-layout-flex wp-container-13\">\n<div class=\"wp-block-column is-layout-flow\">\n<p class=\"has-link-color wp-elements-a2cc1a6d52e090f831aa3489dc1751e3\" style=\"font-style:normal;font-weight:300\"><a href=\"http:\/\/www.sepchat.com\/SC\/index.php\/2023\/02\/22\/ibm-i-envoi-dun-fichier-par-mail\/\" data-type=\"post\" data-id=\"212\">IBM i &#8211; Envoi d\u2019un fichier par mail<\/a><\/p>\n<\/div>\n\n\n\n<div class=\"wp-block-column is-layout-flow\" style=\"flex-basis:90px\"><div style=\"font-style:normal;font-weight:300;\" class=\"has-text-align-right wp-block-post-date\"><time datetime=\"2023-02-22T15:56:12+01:00\">22\/02\/2023<\/time><\/div><\/div>\n<\/div>\n\n\n\n<hr class=\"wp-block-separator has-text-color has-primary-color has-alpha-channel-opacity has-primary-background-color has-background is-style-wide\"\/>\n\n\n\n<div class=\"wp-block-columns is-layout-flex wp-container-16\">\n<div class=\"wp-block-column is-layout-flow\">\n<p class=\"has-link-color wp-elements-d1273f9dda10a7301fb8cd00032db17e\" style=\"font-style:normal;font-weight:300\"><a href=\"http:\/\/www.sepchat.com\/SC\/index.php\/2023\/02\/22\/ibm-i-se-proteger-contre-un-pwrdwnsys-involontaire\/\" data-type=\"post\" data-id=\"214\">IBM i &#8211; Se prot\u00e9ger contre un PWRDWNSYS involontaire<\/a><\/p>\n<\/div>\n\n\n\n<div class=\"wp-block-column is-layout-flow\" style=\"flex-basis:90px\"><div style=\"font-style:normal;font-weight:300;\" class=\"has-text-align-right wp-block-post-date\"><time datetime=\"2023-02-22T15:56:12+01:00\">22\/02\/2023<\/time><\/div><\/div>\n<\/div>\n\n\n\n<hr class=\"wp-block-separator has-text-color has-primary-color has-alpha-channel-opacity has-primary-background-color has-background is-style-wide\"\/>\n\n\n\n<div class=\"wp-block-columns is-layout-flex wp-container-19\">\n<div class=\"wp-block-column is-layout-flow\">\n<p class=\"has-link-color wp-elements-f67274549d3e4dee75df92c1181664a1\" style=\"font-style:normal;font-weight:300\"><a href=\"http:\/\/www.sepchat.com\/SC\/index.php\/2023\/02\/22\/copie-dans-lifs-dun-fichier-system-i\/\" data-type=\"post\" data-id=\"216\">Copie dans l&rsquo;IFS d&rsquo;un fichier System i <\/a><\/p>\n<\/div>\n\n\n\n<div class=\"wp-block-column is-layout-flow\" style=\"flex-basis:90px\"><div style=\"font-style:normal;font-weight:300;\" class=\"has-text-align-right wp-block-post-date\"><time datetime=\"2023-02-22T15:56:12+01:00\">22\/02\/2023<\/time><\/div><\/div>\n<\/div>\n\n\n\n<hr class=\"wp-block-separator has-text-color has-primary-color has-alpha-channel-opacity has-primary-background-color has-background is-style-wide\"\/>\n\n\n\n<div class=\"wp-block-columns is-layout-flex wp-container-22\">\n<div class=\"wp-block-column is-layout-flow\">\n<p class=\"has-link-color wp-elements-9209be5506ce20f4f43a928accd44206\" style=\"font-style:normal;font-weight:300\"><a href=\"http:\/\/www.sepchat.com\/SC\/index.php\/2023\/02\/22\/ibm-i-executer-une-commande-a-distance-avec-ftp\/\" data-type=\"post\" data-id=\"218\">IBM &#8211; i &#8211; Ex\u00e9cuter une commande \u00e0 distance avec FTP<\/a><\/p>\n<\/div>\n\n\n\n<div class=\"wp-block-column is-layout-flow\" style=\"flex-basis:90px\"><div style=\"font-style:normal;font-weight:300;\" class=\"has-text-align-right wp-block-post-date\"><time datetime=\"2023-02-22T15:56:12+01:00\">22\/02\/2023<\/time><\/div><\/div>\n<\/div>\n\n\n\n<div class=\"wp-block-columns is-layout-flex wp-container-25\">\n<div class=\"wp-block-column is-layout-flow\">\n<figure class=\"wp-block-image size-full is-resized has-custom-border\"><a href=\"as-400-iseries-system-i-ibm-i\"><img decoding=\"async\" loading=\"lazy\" src=\"http:\/\/www.sepchat.com\/SC\/wp-content\/uploads\/2023\/02\/fleche-edited.png\" alt=\"\" class=\"wp-image-162\" style=\"border-radius:17px\" width=\"16\" height=\"16\"><\/a><\/figure>\n<\/div>\n\n\n\n<div class=\"wp-block-column is-layout-flow\"><\/div>\n<\/div>\n","protected":false},"excerpt":{"rendered":"<p>Lecture, Cr\u00e9ation d&rsquo;image dans une table SQL en RPGLE Limites de DB2 System i IBM i &#8211; Affichage du niveau de l&rsquo;OS400 IBM i &#8211; Envoi d\u2019un fichier par mail IBM i &#8211; Se prot\u00e9ger contre un PWRDWNSYS involontaire Copie dans l&rsquo;IFS d&rsquo;un fichier System i IBM &#8211; i &#8211; Ex\u00e9cuter une commande \u00e0 distance [&hellip;]<\/p>\n","protected":false},"author":2,"featured_media":0,"parent":0,"menu_order":0,"comment_status":"closed","ping_status":"closed","template":"","meta":[],"_links":{"self":[{"href":"http:\/\/www.sepchat.com\/SC\/index.php\/wp-json\/wp\/v2\/pages\/187"}],"collection":[{"href":"http:\/\/www.sepchat.com\/SC\/index.php\/wp-json\/wp\/v2\/pages"}],"about":[{"href":"http:\/\/www.sepchat.com\/SC\/index.php\/wp-json\/wp\/v2\/types\/page"}],"author":[{"embeddable":true,"href":"http:\/\/www.sepchat.com\/SC\/index.php\/wp-json\/wp\/v2\/users\/2"}],"replies":[{"embeddable":true,"href":"http:\/\/www.sepchat.com\/SC\/index.php\/wp-json\/wp\/v2\/comments?post=187"}],"version-history":[{"count":4,"href":"http:\/\/www.sepchat.com\/SC\/index.php\/wp-json\/wp\/v2\/pages\/187\/revisions"}],"predecessor-version":[{"id":220,"href":"http:\/\/www.sepchat.com\/SC\/index.php\/wp-json\/wp\/v2\/pages\/187\/revisions\/220"}],"wp:attachment":[{"href":"http:\/\/www.sepchat.com\/SC\/index.php\/wp-json\/wp\/v2\/media?parent=187"}],"curies":[{"name":"wp","href":"https:\/\/api.w.org\/{rel}","templated":true}]}}