{"id":226,"date":"2023-02-23T15:41:36","date_gmt":"2023-02-23T14:41:36","guid":{"rendered":"http:\/\/www.sepchat.com\/SC\/?page_id=226"},"modified":"2023-02-24T16:02:05","modified_gmt":"2023-02-24T15:02:05","slug":"windows2","status":"publish","type":"page","link":"http:\/\/www.sepchat.com\/SC\/index.php\/windows2\/","title":{"rendered":"Windows"},"content":{"rendered":"<form role=\"search\" method=\"get\" action=\"http:\/\/www.sepchat.com\/SC\/\" class=\"wp-block-search__button-inside wp-block-search__icon-button wp-block-search\"><label for=\"wp-block-search__input-1\" class=\"wp-block-search__label screen-reader-text\">Rechercher<\/label><div class=\"wp-block-search__inside-wrapper \"  style=\"width: 50%;border-width: 0px;border-style: none;border-radius: calc(100px + 4px)\"><input type=\"search\" id=\"wp-block-search__input-1\" class=\"wp-block-search__input\" name=\"s\" value=\"\" placeholder=\"Recherche\"  style=\"border-radius: 100px\" required \/><button type=\"submit\" class=\"wp-block-search__button has-icon wp-element-button\"  style=\"border-radius: 100px\" aria-label=\"Rechercher\"><svg class=\"search-icon\" viewBox=\"0 0 24 24\" width=\"24\" height=\"24\">\n\t\t\t\t\t<path d=\"M13.5 6C10.5 6 8 8.5 8 11.5c0 1.1.3 2.1.9 3l-3.4 3 1 1.1 3.4-2.9c1 .9 2.2 1.4 3.6 1.4 3 0 5.5-2.5 5.5-5.5C19 8.5 16.5 6 13.5 6zm0 9.5c-2.2 0-4-1.8-4-4s1.8-4 4-4 4 1.8 4 4-1.8 4-4 4z\"><\/path>\n\t\t\t\t<\/svg><\/button><\/div><\/form>\n\n\n<div class=\"wp-block-columns is-layout-flex wp-container-4\">\n<div class=\"wp-block-column is-layout-flow\">\n<p class=\"has-link-color wp-elements-6ef124f28e6b5103324b25535fdbe31a\" style=\"font-style:normal;font-weight:300\"><a href=\"http:\/\/www.sepchat.com\/SC\/index.php\/2023\/02\/23\/windows-8-desactiver-les-coins-reactifs\/\" data-type=\"post\" data-id=\"371\">Windows&nbsp;8 &#8211; D\u00e9sactiver les coins r\u00e9actifs<\/a><\/p>\n<\/div>\n\n\n\n<div class=\"wp-block-column is-layout-flow\"><div style=\"font-style:normal;font-weight:300;\" class=\"has-text-align-right wp-block-post-date\"><time datetime=\"2023-02-23T15:41:36+01:00\">23\/02\/2023<\/time><\/div><\/div>\n<\/div>\n\n\n\n<hr class=\"wp-block-separator has-text-color has-primary-color has-alpha-channel-opacity has-primary-background-color has-background is-style-wide\"\/>\n\n\n\n<div class=\"wp-block-columns is-layout-flex wp-container-7\">\n<div class=\"wp-block-column is-layout-flow\">\n<p class=\"has-contrast-color has-text-color has-link-color wp-elements-444af71b38a757b796d91f6cdccdca72\" style=\"font-style:normal;font-weight:300\"><a href=\"http:\/\/www.sepchat.com\/SC\/index.php\/2023\/02\/23\/windows-8-supprimer-le-lock-screen\/\" data-type=\"post\" data-id=\"373\">Windows&nbsp;8 &#8211; Supprimer le Lock Screen<\/a><\/p>\n<\/div>\n\n\n\n<div class=\"wp-block-column is-layout-flow\" style=\"flex-basis:90px\"><div style=\"font-style:normal;font-weight:300;\" class=\"has-text-align-right wp-block-post-date\"><time datetime=\"2023-02-23T15:41:36+01:00\">23\/02\/2023<\/time><\/div><\/div>\n<\/div>\n\n\n\n<hr class=\"wp-block-separator has-text-color has-primary-color has-alpha-channel-opacity has-primary-background-color has-background is-style-wide\"\/>\n\n\n\n<div class=\"wp-block-columns is-layout-flex wp-container-10\">\n<div class=\"wp-block-column is-layout-flow\">\n<p class=\"has-link-color wp-elements-7a09b079ac72878fb2e91c3066a040bc\" style=\"font-style:normal;font-weight:300\"><a href=\"http:\/\/www.sepchat.com\/SC\/index.php\/2023\/02\/23\/windows-10-epingler-une-classe-java-dans-la-barre-de-tache\/\" data-type=\"post\" data-id=\"376\">Windows&nbsp;10 &#8211; \u00c9pingler une classe Java dans la barre de t\u00e2che<\/a><\/p>\n<\/div>\n\n\n\n<div class=\"wp-block-column is-layout-flow\" style=\"flex-basis:90px\"><div style=\"font-style:normal;font-weight:300;\" class=\"has-text-align-right wp-block-post-date\"><time datetime=\"2023-02-23T15:41:36+01:00\">23\/02\/2023<\/time><\/div><\/div>\n<\/div>\n\n\n\n<hr class=\"wp-block-separator has-text-color has-primary-color has-alpha-channel-opacity has-primary-background-color has-background is-style-wide\"\/>\n\n\n\n<div class=\"wp-block-columns is-layout-flex wp-container-13\">\n<div class=\"wp-block-column is-layout-flow\">\n<p class=\"has-link-color wp-elements-536f6e79f7fd6ea8a1dfca720f4b56f7\" style=\"font-style:normal;font-weight:300\"><a href=\"http:\/\/www.sepchat.com\/SC\/index.php\/2023\/02\/23\/windows-7-8-modifier-licone-dune-bibliotheque\/\" data-type=\"post\" data-id=\"378\">Windows&nbsp;7, 8 &#8211; Modifier l&rsquo;icone d&rsquo;une biblioth\u00e8que<\/a><\/p>\n<\/div>\n\n\n\n<div class=\"wp-block-column is-layout-flow\" style=\"flex-basis:90px\"><div style=\"font-style:normal;font-weight:300;\" class=\"has-text-align-right wp-block-post-date\"><time datetime=\"2023-02-23T15:41:36+01:00\">23\/02\/2023<\/time><\/div><\/div>\n<\/div>\n\n\n\n<hr class=\"wp-block-separator has-text-color has-primary-color has-alpha-channel-opacity has-primary-background-color has-background is-style-wide\"\/>\n\n\n\n<div class=\"wp-block-columns is-layout-flex wp-container-16\">\n<div class=\"wp-block-column is-layout-flow\">\n<p class=\"has-link-color wp-elements-c621a5c0e92ae9481f8183353a7c435f\" style=\"font-style:normal;font-weight:300\"><a href=\"http:\/\/www.sepchat.com\/SC\/index.php\/2023\/02\/23\/supprimer-babylon-de-la-recherche-firefox\/\" data-type=\"post\" data-id=\"380\">Supprimer&nbsp;Babylon de la recherche Firefox<\/a><\/p>\n<\/div>\n\n\n\n<div class=\"wp-block-column is-layout-flow\" style=\"flex-basis:90px\"><div style=\"font-style:normal;font-weight:300;\" class=\"has-text-align-right wp-block-post-date\"><time datetime=\"2023-02-23T15:41:36+01:00\">23\/02\/2023<\/time><\/div><\/div>\n<\/div>\n\n\n\n<hr class=\"wp-block-separator has-text-color has-primary-color has-alpha-channel-opacity has-primary-background-color has-background is-style-wide\"\/>\n\n\n\n<div class=\"wp-block-columns is-layout-flex wp-container-19\">\n<div class=\"wp-block-column is-layout-flow\">\n<p class=\"has-link-color wp-elements-60494919c8f8a67306f91983aa5321c9\" style=\"font-style:normal;font-weight:300\"><a href=\"http:\/\/www.sepchat.com\/SC\/index.php\/2023\/02\/23\/votre-mot-de-passe-est-il-sur\/\" data-type=\"post\" data-id=\"382\">Votre&nbsp;mot de passe est-il sur ?<\/a><\/p>\n<\/div>\n\n\n\n<div class=\"wp-block-column is-layout-flow\" style=\"flex-basis:90px\"><div style=\"font-style:normal;font-weight:300;\" class=\"has-text-align-right wp-block-post-date\"><time datetime=\"2023-02-23T15:41:36+01:00\">23\/02\/2023<\/time><\/div><\/div>\n<\/div>\n\n\n\n<hr class=\"wp-block-separator has-text-color has-primary-color has-alpha-channel-opacity has-primary-background-color has-background is-style-wide\"\/>\n\n\n\n<div class=\"wp-block-columns is-layout-flex wp-container-22\">\n<div class=\"wp-block-column is-layout-flow\">\n<p class=\"has-link-color wp-elements-9b7abbe8dc92521b0ab9c74bc3bf09d9\" style=\"font-style:normal;font-weight:300\"><a href=\"http:\/\/www.sepchat.com\/SC\/index.php\/2023\/02\/23\/excel-commutateurs-et-parametres-disponibles\/\" data-type=\"post\" data-id=\"384\">Excel\u00a0&#8211; Commutateurs et param\u00e8tres disponibles<\/a><\/p>\n<\/div>\n\n\n\n<div class=\"wp-block-column is-layout-flow\" style=\"flex-basis:90px\"><div style=\"font-style:normal;font-weight:300;\" class=\"has-text-align-right wp-block-post-date\"><time datetime=\"2023-02-23T15:41:36+01:00\">23\/02\/2023<\/time><\/div><\/div>\n<\/div>\n\n\n\n<hr class=\"wp-block-separator has-text-color has-primary-color has-alpha-channel-opacity has-primary-background-color has-background is-style-wide\"\/>\n\n\n\n<div class=\"wp-block-columns is-layout-flex wp-container-25\">\n<div class=\"wp-block-column is-layout-flow\">\n<p class=\"has-link-color wp-elements-51bbbe0c184c38229c191a929ab06465\" style=\"font-style:normal;font-weight:300\"><a href=\"http:\/\/www.sepchat.com\/SC\/index.php\/2023\/02\/23\/comment-arreter-un-processus-sans-le-gestionnaire-de-taches\/\" data-type=\"post\" data-id=\"386\">Comment\u00a0arr\u00eater un processus sans le gestionnaire de t\u00e2ches<\/a><\/p>\n<\/div>\n\n\n\n<div class=\"wp-block-column is-layout-flow\" style=\"flex-basis:90px\"><div style=\"font-style:normal;font-weight:300;\" class=\"has-text-align-right wp-block-post-date\"><time datetime=\"2023-02-23T15:41:36+01:00\">23\/02\/2023<\/time><\/div><\/div>\n<\/div>\n\n\n\n<div class=\"wp-block-columns is-layout-flex wp-container-28\">\n<div class=\"wp-block-column is-layout-flow\">\n<figure class=\"wp-block-image size-full is-resized has-custom-border\"><a href=\"windows\"><img decoding=\"async\" loading=\"lazy\" src=\"http:\/\/www.sepchat.com\/SC\/wp-content\/uploads\/2023\/02\/fleche-edited.png\" alt=\"\" class=\"wp-image-162\" style=\"border-radius:17px\" width=\"16\" height=\"16\"><\/a><\/figure>\n<\/div>\n\n\n\n<div class=\"wp-block-column is-layout-flow\">\n<figure class=\"wp-block-image alignright size-full is-resized\"><a href=\"windows3\"><img decoding=\"async\" loading=\"lazy\" src=\"http:\/\/www.sepchat.com\/SC\/wp-content\/uploads\/2023\/02\/fleche-edited-1.png\" alt=\"\" class=\"wp-image-183\" width=\"16\" height=\"16\"\/><\/a><\/figure>\n<\/div>\n<\/div>\n","protected":false},"excerpt":{"rendered":"<p>Windows&nbsp;8 &#8211; D\u00e9sactiver les coins r\u00e9actifs Windows&nbsp;8 &#8211; Supprimer le Lock Screen Windows&nbsp;10 &#8211; \u00c9pingler une classe Java dans la barre de t\u00e2che Windows&nbsp;7, 8 &#8211; Modifier l&rsquo;icone d&rsquo;une biblioth\u00e8que Supprimer&nbsp;Babylon de la recherche Firefox Votre&nbsp;mot de passe est-il sur ? Excel\u00a0&#8211; Commutateurs et param\u00e8tres disponibles Comment\u00a0arr\u00eater un processus sans le gestionnaire de t\u00e2ches<\/p>\n","protected":false},"author":2,"featured_media":0,"parent":0,"menu_order":0,"comment_status":"closed","ping_status":"closed","template":"","meta":[],"_links":{"self":[{"href":"http:\/\/www.sepchat.com\/SC\/index.php\/wp-json\/wp\/v2\/pages\/226"}],"collection":[{"href":"http:\/\/www.sepchat.com\/SC\/index.php\/wp-json\/wp\/v2\/pages"}],"about":[{"href":"http:\/\/www.sepchat.com\/SC\/index.php\/wp-json\/wp\/v2\/types\/page"}],"author":[{"embeddable":true,"href":"http:\/\/www.sepchat.com\/SC\/index.php\/wp-json\/wp\/v2\/users\/2"}],"replies":[{"embeddable":true,"href":"http:\/\/www.sepchat.com\/SC\/index.php\/wp-json\/wp\/v2\/comments?post=226"}],"version-history":[{"count":4,"href":"http:\/\/www.sepchat.com\/SC\/index.php\/wp-json\/wp\/v2\/pages\/226\/revisions"}],"predecessor-version":[{"id":415,"href":"http:\/\/www.sepchat.com\/SC\/index.php\/wp-json\/wp\/v2\/pages\/226\/revisions\/415"}],"wp:attachment":[{"href":"http:\/\/www.sepchat.com\/SC\/index.php\/wp-json\/wp\/v2\/media?parent=226"}],"curies":[{"name":"wp","href":"https:\/\/api.w.org\/{rel}","templated":true}]}}