{"id":391,"date":"2023-02-23T15:57:22","date_gmt":"2023-02-23T14:57:22","guid":{"rendered":"http:\/\/www.sepchat.com\/SC\/?page_id=391"},"modified":"2023-02-24T16:00:24","modified_gmt":"2023-02-24T15:00:24","slug":"windows3","status":"publish","type":"page","link":"http:\/\/www.sepchat.com\/SC\/index.php\/windows3\/","title":{"rendered":"Windows"},"content":{"rendered":"<form role=\"search\" method=\"get\" action=\"http:\/\/www.sepchat.com\/SC\/\" class=\"wp-block-search__button-inside wp-block-search__icon-button wp-block-search\"><label for=\"wp-block-search__input-1\" class=\"wp-block-search__label screen-reader-text\">Rechercher<\/label><div class=\"wp-block-search__inside-wrapper \"  style=\"width: 50%;border-width: 0px;border-style: none;border-radius: calc(100px + 4px)\"><input type=\"search\" id=\"wp-block-search__input-1\" class=\"wp-block-search__input\" name=\"s\" value=\"\" placeholder=\"Recherche\"  style=\"border-radius: 100px\" required \/><button type=\"submit\" class=\"wp-block-search__button has-icon wp-element-button\"  style=\"border-radius: 100px\" aria-label=\"Rechercher\"><svg class=\"search-icon\" viewBox=\"0 0 24 24\" width=\"24\" height=\"24\">\n\t\t\t\t\t<path d=\"M13.5 6C10.5 6 8 8.5 8 11.5c0 1.1.3 2.1.9 3l-3.4 3 1 1.1 3.4-2.9c1 .9 2.2 1.4 3.6 1.4 3 0 5.5-2.5 5.5-5.5C19 8.5 16.5 6 13.5 6zm0 9.5c-2.2 0-4-1.8-4-4s1.8-4 4-4 4 1.8 4 4-1.8 4-4 4z\"><\/path>\n\t\t\t\t<\/svg><\/button><\/div><\/form>\n\n\n<div class=\"wp-block-columns is-layout-flex wp-container-4\">\n<div class=\"wp-block-column is-layout-flow\">\n<p class=\"has-link-color wp-elements-c320423e67c52183d3b39e8eb32e2635\" style=\"font-style:normal;font-weight:300\"><a href=\"http:\/\/www.sepchat.com\/SC\/index.php\/2023\/02\/23\/chiffre-romain\/\" data-type=\"post\" data-id=\"393\">Chiffre&nbsp;romain<\/a><\/p>\n<\/div>\n\n\n\n<div class=\"wp-block-column is-layout-flow\"><div style=\"font-style:normal;font-weight:300;\" class=\"has-text-align-right wp-block-post-date\"><time datetime=\"2023-02-23T15:57:22+01:00\">23\/02\/2023<\/time><\/div><\/div>\n<\/div>\n\n\n\n<hr class=\"wp-block-separator has-text-color has-primary-color has-alpha-channel-opacity has-primary-background-color has-background is-style-wide\"\/>\n\n\n\n<div class=\"wp-block-columns is-layout-flex wp-container-7\">\n<div class=\"wp-block-column is-layout-flow\">\n<p class=\"has-contrast-color has-text-color has-link-color wp-elements-5e66fb2dad6d58219aa7bc947dd91973\" style=\"font-style:normal;font-weight:300\"><a href=\"http:\/\/www.sepchat.com\/SC\/index.php\/2023\/02\/23\/windows-raccourci-clavier-pour-le-gestionnaire-de-taches\/\" data-type=\"post\" data-id=\"395\">Windows&nbsp;&#8211; Raccourci Clavier pour le Gestionnaire de taches<\/a><\/p>\n<\/div>\n\n\n\n<div class=\"wp-block-column is-layout-flow\" style=\"flex-basis:90px\"><div style=\"font-style:normal;font-weight:300;\" class=\"has-text-align-right wp-block-post-date\"><time datetime=\"2023-02-23T15:57:22+01:00\">23\/02\/2023<\/time><\/div><\/div>\n<\/div>\n\n\n\n<hr class=\"wp-block-separator has-text-color has-primary-color has-alpha-channel-opacity has-primary-background-color has-background is-style-wide\"\/>\n\n\n\n<div class=\"wp-block-columns is-layout-flex wp-container-10\">\n<div class=\"wp-block-column is-layout-flow\">\n<p class=\"has-link-color wp-elements-509e76372153411b39b061f22e689fba\" style=\"font-style:normal;font-weight:300\"><a href=\"http:\/\/www.sepchat.com\/SC\/index.php\/2023\/02\/23\/annuler-un-reboot\/\" data-type=\"post\" data-id=\"397\">Annuler&nbsp;un Reboot<\/a><\/p>\n<\/div>\n\n\n\n<div class=\"wp-block-column is-layout-flow\" style=\"flex-basis:90px\"><div style=\"font-style:normal;font-weight:300;\" class=\"has-text-align-right wp-block-post-date\"><time datetime=\"2023-02-23T15:57:22+01:00\">23\/02\/2023<\/time><\/div><\/div>\n<\/div>\n\n\n\n<hr class=\"wp-block-separator has-text-color has-primary-color has-alpha-channel-opacity has-primary-background-color has-background is-style-wide\"\/>\n\n\n\n<div class=\"wp-block-columns is-layout-flex wp-container-13\">\n<div class=\"wp-block-column is-layout-flow\">\n<p class=\"has-link-color wp-elements-b191f7f3b3ab5bae9b9db9c2887c53d5\" style=\"font-style:normal;font-weight:300\"><a href=\"http:\/\/www.sepchat.com\/SC\/index.php\/2023\/02\/23\/effacer-le-fichier-dechange-windows-a-larret-de-lordinateur\/\" data-type=\"post\" data-id=\"399\">Effacer&nbsp;le fichier d&rsquo;\u00e9change Windows \u00e0 l&rsquo;arr\u00eat de l&rsquo;ordinateur<\/a><\/p>\n<\/div>\n\n\n\n<div class=\"wp-block-column is-layout-flow\" style=\"flex-basis:90px\"><div style=\"font-style:normal;font-weight:300;\" class=\"has-text-align-right wp-block-post-date\"><time datetime=\"2023-02-23T15:57:22+01:00\">23\/02\/2023<\/time><\/div><\/div>\n<\/div>\n\n\n\n<hr class=\"wp-block-separator has-text-color has-primary-color has-alpha-channel-opacity has-primary-background-color has-background is-style-wide\"\/>\n\n\n\n<div class=\"wp-block-columns is-layout-flex wp-container-16\">\n<div class=\"wp-block-column is-layout-flow\">\n<p class=\"has-link-color wp-elements-eec346169350fb80554e6b0a47c2efe6\" style=\"font-style:normal;font-weight:300\"><a href=\"http:\/\/www.sepchat.com\/SC\/index.php\/2023\/02\/23\/windows-stockage-dune-source-de-donnees-odbc\/\" data-type=\"post\" data-id=\"401\">Windows&nbsp;&#8211; Stockage d\u2019une source de donn\u00e9es ODBC<\/a><\/p>\n<\/div>\n\n\n\n<div class=\"wp-block-column is-layout-flow\" style=\"flex-basis:90px\"><div style=\"font-style:normal;font-weight:300;\" class=\"has-text-align-right wp-block-post-date\"><time datetime=\"2023-02-23T15:57:22+01:00\">23\/02\/2023<\/time><\/div><\/div>\n<\/div>\n\n\n\n<hr class=\"wp-block-separator has-text-color has-primary-color has-alpha-channel-opacity has-primary-background-color has-background is-style-wide\"\/>\n\n\n\n<div class=\"wp-block-columns is-layout-flex wp-container-19\">\n<div class=\"wp-block-column is-layout-flow\">\n<p class=\"has-link-color wp-elements-1fb4cde8c763d5663d67b5ca1eb74838\" style=\"font-style:normal;font-weight:300\"><a href=\"http:\/\/www.sepchat.com\/SC\/index.php\/2023\/02\/23\/word-commutateurs-et-parametres-disponibles\/\" data-type=\"post\" data-id=\"403\">Word\u00a0&#8211; Commutateurs et param\u00e8tres disponibles<\/a><\/p>\n<\/div>\n\n\n\n<div class=\"wp-block-column is-layout-flow\" style=\"flex-basis:90px\"><div style=\"font-style:normal;font-weight:300;\" class=\"has-text-align-right wp-block-post-date\"><time datetime=\"2023-02-23T15:57:22+01:00\">23\/02\/2023<\/time><\/div><\/div>\n<\/div>\n\n\n\n<div class=\"wp-block-columns is-layout-flex wp-container-22\">\n<div class=\"wp-block-column is-layout-flow\">\n<figure class=\"wp-block-image size-full is-resized has-custom-border\"><a href=\"windows2\"><img decoding=\"async\" loading=\"lazy\" src=\"http:\/\/www.sepchat.com\/SC\/wp-content\/uploads\/2023\/02\/fleche-edited.png\" alt=\"\" class=\"wp-image-162\" style=\"border-radius:17px\" width=\"16\" height=\"16\"><\/a><\/figure>\n<\/div>\n\n\n\n<div class=\"wp-block-column is-layout-flow\"><\/div>\n<\/div>\n","protected":false},"excerpt":{"rendered":"<p>Chiffre&nbsp;romain Windows&nbsp;&#8211; Raccourci Clavier pour le Gestionnaire de taches Annuler&nbsp;un Reboot Effacer&nbsp;le fichier d&rsquo;\u00e9change Windows \u00e0 l&rsquo;arr\u00eat de l&rsquo;ordinateur Windows&nbsp;&#8211; Stockage d\u2019une source de donn\u00e9es ODBC Word\u00a0&#8211; Commutateurs et param\u00e8tres disponibles<\/p>\n","protected":false},"author":2,"featured_media":0,"parent":0,"menu_order":0,"comment_status":"closed","ping_status":"closed","template":"","meta":[],"_links":{"self":[{"href":"http:\/\/www.sepchat.com\/SC\/index.php\/wp-json\/wp\/v2\/pages\/391"}],"collection":[{"href":"http:\/\/www.sepchat.com\/SC\/index.php\/wp-json\/wp\/v2\/pages"}],"about":[{"href":"http:\/\/www.sepchat.com\/SC\/index.php\/wp-json\/wp\/v2\/types\/page"}],"author":[{"embeddable":true,"href":"http:\/\/www.sepchat.com\/SC\/index.php\/wp-json\/wp\/v2\/users\/2"}],"replies":[{"embeddable":true,"href":"http:\/\/www.sepchat.com\/SC\/index.php\/wp-json\/wp\/v2\/comments?post=391"}],"version-history":[{"count":2,"href":"http:\/\/www.sepchat.com\/SC\/index.php\/wp-json\/wp\/v2\/pages\/391\/revisions"}],"predecessor-version":[{"id":414,"href":"http:\/\/www.sepchat.com\/SC\/index.php\/wp-json\/wp\/v2\/pages\/391\/revisions\/414"}],"wp:attachment":[{"href":"http:\/\/www.sepchat.com\/SC\/index.php\/wp-json\/wp\/v2\/media?parent=391"}],"curies":[{"name":"wp","href":"https:\/\/api.w.org\/{rel}","templated":true}]}}