{"id":98,"date":"2023-02-14T16:16:12","date_gmt":"2023-02-14T15:16:12","guid":{"rendered":"http:\/\/www.sepchat.com\/SC\/?page_id=98"},"modified":"2023-04-24T16:31:51","modified_gmt":"2023-04-24T15:31:51","slug":"experiences","status":"publish","type":"page","link":"http:\/\/www.sepchat.com\/SC\/index.php\/experiences\/","title":{"rendered":"Exp\u00e9riences"},"content":{"rendered":"\n<p class=\"has-primary-color has-text-color\"><strong>Depuis 2012 ARCAD Software<\/strong><\/p>\n\n\n\n<p>Depuis 2012 ARCAD Software Consulting en partenariat avec ARCAD Software dans la cadre de mise en place de solutions Devops.<\/p>\n\n\n\n<p>Mise en place de solutions Devops autour de Git, Azure, IBMi, RTC Arcad Skipper, Builder.<\/p>\n\n\n\n<p> Mise en place d&rsquo;une chaine autour de RTC &amp; Arcad pour une grande banque internationale.<br>D\u00e9ploiement de ces solutions en Inde et en Chine pour les \u00e9quipes locales<\/p>\n\n\n\n<p>Accompagnement au changement, Formation et organisation des \u00e9quipes de Release Managment et de D\u00e9veloppement<br>Mise en place d\u2019une solution de d\u00e9ploiement Open system pour le progiciel bancaire SAB-AT.<br>Cette solution de GCL permet de livrer les mises \u00e0 jour SAB depuis le system i vers les serveurs Websphere (sous Linux ou Windows) d\u2019int\u00e9gration et de production. La gestion du Rollback permet de d\u00e9sinstaller automatiquement toute version install\u00e9e.<\/p>\n\n\n\n<div style=\"height:6px\" aria-hidden=\"true\" class=\"wp-block-spacer\"><\/div>\n\n\n\n<figure class=\"wp-block-image aligncenter size-full is-resized has-custom-border is-style-default\"><img decoding=\"async\" loading=\"lazy\" src=\"http:\/\/www.sepchat.com\/SC\/wp-content\/uploads\/2023\/02\/fleche-r.png\" alt=\"\" class=\"wp-image-305\" style=\"border-style:none;border-width:0px;border-radius:0px\" width=\"85\" height=\"85\"\/><\/figure>\n\n\n\n<div style=\"height:1px\" aria-hidden=\"true\" class=\"wp-block-spacer\"><\/div>\n\n\n\n<p class=\"has-primary-color has-text-color\"><strong>2011-2012 _ Bollor\u00e9 Afrca Logistics<\/strong><\/p>\n\n\n\n<p>Direction de projets &#8211; Organisation et mise en place de la GCL (gestion de Configuration Logicielle) dans ledomaine de la logistique avec des d\u00e9ploiements entre le si\u00e8ge parisien et les filialles africaines (Architecture h\u00e9t\u00e9rog\u00e8ne : IBMi &amp; Windows)<\/p>\n\n\n\n<figure class=\"wp-block-image aligncenter size-full is-resized is-style-default\"><img decoding=\"async\" loading=\"lazy\" src=\"http:\/\/www.sepchat.com\/SC\/wp-content\/uploads\/2023\/02\/fleche-r.png\" alt=\"\" class=\"wp-image-305\" width=\"85\" height=\"85\"\/><\/figure>\n\n\n\n<div style=\"height:1px\" aria-hidden=\"true\" class=\"wp-block-spacer\"><\/div>\n\n\n\n<p class=\"has-primary-color has-text-color\"><strong>2009-2010, Le Trot (Cheval Fran\u00e7ais)<\/strong><\/p>\n\n\n\n<p>Direction de projets \u2013 Management, Organisation, planification et suivi de projets informatique dans une \u00e9quipe de 10 personnes.<\/p>\n\n\n\n<p>Mise en place d\u2019une organisation projet dans les \u00e9quipes de d\u00e9veloppement, (Expression des besoins, \u00c9valuation de charges, Planification, Suivi et documentation)<br>Organisation d\u2019un Workflow de gestion des incidents de production,<br>Mise en place et suivi d\u2019un Plan d\u2019assurance Qualit\u00e9 pour fixer les bonnes pratiques, les r\u00e8gles de d\u00e9veloppement et les normes \u00e0 appliquer.<br>R\u00e9organisation des m\u00e9thodes de d\u00e9veloppement au sein des applications AS\/400.<\/p>\n\n\n\n<figure class=\"wp-block-image aligncenter size-full is-resized is-style-default\"><img decoding=\"async\" loading=\"lazy\" src=\"http:\/\/www.sepchat.com\/SC\/wp-content\/uploads\/2023\/02\/fleche-r.png\" alt=\"\" class=\"wp-image-305\" width=\"85\" height=\"85\"\/><\/figure>\n\n\n\n<p class=\"has-primary-color has-text-color\"><strong>2008-2009, ARCAD<\/strong><\/p>\n\n\n\n<p>\u00c9tude, &nbsp;mise en place &amp; administration&nbsp;de l&rsquo;outil de gestion de configuration SKIPPER de la soci\u00e9t\u00e9 ARCAD-Software<\/p>\n\n\n\n<p>Cr\u00e9ation d&rsquo;un r\u00e9seau d&rsquo;entreprise avec plusieurs serveurs NT \/ 2000 et des postes Windows (Serveurs de fichiers, d&rsquo;impressions, de messagerie, de sessions)<\/p>\n\n\n\n<p>Mise en place et administration d&rsquo;un serveur Domino (h\u00e9berg\u00e9 en natif dans un AS\/400),<\/p>\n\n\n\n<p>Etude, &nbsp;mise en place &amp; administration&nbsp; d&rsquo;une ferme de serveurs Citrix Metaframe<\/p>\n\n\n\n<p>Administration des serveurs au quotidien (Windows 2000, NT4 et AS\/400)<\/p>\n\n\n\n<p>Mise en place et administration d&rsquo;une solution se sauvegarde sous BRMS<\/p>\n\n\n\n<figure class=\"wp-block-image aligncenter size-full is-resized is-style-default\"><img decoding=\"async\" loading=\"lazy\" src=\"http:\/\/www.sepchat.com\/SC\/wp-content\/uploads\/2023\/02\/fleche-r.png\" alt=\"\" class=\"wp-image-305\" width=\"85\" height=\"85\"\/><\/figure>\n\n\n\n<p class=\"has-primary-color has-text-color\"><strong>1995-2008, CAVMAC<\/strong><\/p>\n\n\n\n<p>\u00c9tude et d\u00e9veloppement d&rsquo;une chaine d&rsquo;\u00e9changes d&rsquo;informations entre le GIP-Info Retraite et la CAVAMAC afin d&rsquo;assurer le droit \u00e0 l&rsquo;information des adh\u00e9rents sur leur retraite. (SQL &#8211; RPG ILE- CLP)<\/p>\n\n\n\n<p>\u00c9tude et d\u00e9veloppement d&rsquo;une chaine d&rsquo;affiliation des adh\u00e9rents au syst\u00e8me national de gestion des identit\u00e9s (SNGI) &#8211; (SQL &#8211; RPG ILE &#8211; CLP)<\/p>\n\n\n\n<p>\u00c9tude et d\u00e9veloppement d&rsquo;une gestion de contrats d&rsquo;un produit de sur compl\u00e9mentaire maladie, d&rsquo;assurance d\u00e9c\u00e8s, \u00a0(SQL &#8211; RPG ILE &#8211; CLP)<\/p>\n\n\n\n<p>R\u00e9alisation de sp\u00e9cifiques autour d&rsquo;un progiciel de GMAO : Organisation des maintenances de machines de production dans des environnements \u00e0 risque,&nbsp;Gestion des arr\u00eats de production,&nbsp;Annulation de codes fonctionnels.&nbsp;(SQL &#8211; RPG III&nbsp;&#8211; CLP)<\/p>\n\n\n\n<p>R\u00e9alisation d&rsquo;applications sur le produit de GPAO &lsquo;TOLAS&rsquo; pour la version standard et sp\u00e9cifiques des clients de GSI Industrie. Cr\u00e9ation d&rsquo;articles configur\u00e9s \u00e0 la commande pour la fabrication de meubles, param\u00e9trage des frais d&rsquo;approche par date de validit\u00e9 pour la fabrication de magn\u00e9toscopes, Gestion des \u00e9quivalences article pendant le processus de fabrication de magn\u00e9toscopes sur une cha\u00eene de montage (SQL &#8211; RPG III&nbsp;&#8211; COBOL &#8211; CLP)<\/p>\n\n\n\n<p>R\u00e9alisation d&rsquo;un pack d&rsquo;applications de service, &nbsp;Gestionnaire de menus, de tables, Calendrier financier. Conception et r\u00e9alisation d&rsquo;une application de suivi de gestion commerciale (SQL &#8211; RPG III&nbsp;&#8211; &nbsp;CLP)<\/p>\n\n\n\n<div style=\"height:1px\" aria-hidden=\"true\" class=\"wp-block-spacer\"><\/div>\n","protected":false},"excerpt":{"rendered":"<p>Depuis 2012 ARCAD Software Depuis 2012 ARCAD Software Consulting en partenariat avec ARCAD Software dans la cadre de mise en place de solutions Devops. Mise en place de solutions Devops autour de Git, Azure, IBMi, RTC Arcad Skipper, Builder. Mise en place d&rsquo;une chaine autour de RTC &amp; Arcad pour une grande banque internationale.D\u00e9ploiement de [&hellip;]<\/p>\n","protected":false},"author":2,"featured_media":0,"parent":0,"menu_order":0,"comment_status":"closed","ping_status":"closed","template":"","meta":[],"_links":{"self":[{"href":"http:\/\/www.sepchat.com\/SC\/index.php\/wp-json\/wp\/v2\/pages\/98"}],"collection":[{"href":"http:\/\/www.sepchat.com\/SC\/index.php\/wp-json\/wp\/v2\/pages"}],"about":[{"href":"http:\/\/www.sepchat.com\/SC\/index.php\/wp-json\/wp\/v2\/types\/page"}],"author":[{"embeddable":true,"href":"http:\/\/www.sepchat.com\/SC\/index.php\/wp-json\/wp\/v2\/users\/2"}],"replies":[{"embeddable":true,"href":"http:\/\/www.sepchat.com\/SC\/index.php\/wp-json\/wp\/v2\/comments?post=98"}],"version-history":[{"count":11,"href":"http:\/\/www.sepchat.com\/SC\/index.php\/wp-json\/wp\/v2\/pages\/98\/revisions"}],"predecessor-version":[{"id":473,"href":"http:\/\/www.sepchat.com\/SC\/index.php\/wp-json\/wp\/v2\/pages\/98\/revisions\/473"}],"wp:attachment":[{"href":"http:\/\/www.sepchat.com\/SC\/index.php\/wp-json\/wp\/v2\/media?parent=98"}],"curies":[{"name":"wp","href":"https:\/\/api.w.org\/{rel}","templated":true}]}}